{"id":531,"date":"2023-03-14T13:02:05","date_gmt":"2023-03-14T13:02:05","guid":{"rendered":"https:\/\/www.prompt-depression.org\/?page_id=531"},"modified":"2024-11-11T16:43:24","modified_gmt":"2024-11-11T16:43:24","slug":"about-us-paris-site","status":"publish","type":"page","link":"https:\/\/www.prompt-depression.org\/index.php\/about-us-paris-site\/","title":{"rendered":"About us &#8211; Paris Site"},"content":{"rendered":"\t\t<div data-elementor-type=\"wp-page\" data-elementor-id=\"531\" class=\"elementor elementor-531\">\n\t\t\t\t\t\t<section class=\"elementor-section elementor-top-section elementor-element elementor-element-15ae816 elementor-section-boxed elementor-section-height-default elementor-section-height-default\" data-id=\"15ae816\" data-element_type=\"section\">\n\t\t\t\t\t\t<div class=\"elementor-container elementor-column-gap-default\">\n\t\t\t\t\t<div class=\"elementor-column elementor-col-100 elementor-top-column elementor-element elementor-element-56f425d\" data-id=\"56f425d\" data-element_type=\"column\">\n\t\t\t<div class=\"elementor-widget-wrap elementor-element-populated\">\n\t\t\t\t\t\t<div class=\"elementor-element elementor-element-b1b33a7 elementor-widget elementor-widget-heading\" data-id=\"b1b33a7\" data-element_type=\"widget\" data-widget_type=\"heading.default\">\n\t\t\t\t<div class=\"elementor-widget-container\">\n\t\t\t\t\t<h2 class=\"elementor-heading-title elementor-size-default\">About us - Partner 2: Paris Site<\/h2>\t\t\t\t<\/div>\n\t\t\t\t<\/div>\n\t\t\t\t\t<\/div>\n\t\t<\/div>\n\t\t\t\t\t<\/div>\n\t\t<\/section>\n\t\t\t\t<section class=\"elementor-section elementor-top-section elementor-element elementor-element-a05e599 elementor-section-boxed elementor-section-height-default elementor-section-height-default\" data-id=\"a05e599\" data-element_type=\"section\">\n\t\t\t\t\t\t<div class=\"elementor-container elementor-column-gap-default\">\n\t\t\t\t\t<div class=\"elementor-column elementor-col-100 elementor-top-column elementor-element elementor-element-9779a30\" data-id=\"9779a30\" data-element_type=\"column\">\n\t\t\t<div class=\"elementor-widget-wrap elementor-element-populated\">\n\t\t\t\t\t\t<div class=\"elementor-element elementor-element-02d99e2 elementor-widget-divider--view-line elementor-widget elementor-widget-divider\" data-id=\"02d99e2\" data-element_type=\"widget\" data-widget_type=\"divider.default\">\n\t\t\t\t<div class=\"elementor-widget-container\">\n\t\t\t\t\t\t\t<div class=\"elementor-divider\">\n\t\t\t<span class=\"elementor-divider-separator\">\n\t\t\t\t\t\t<\/span>\n\t\t<\/div>\n\t\t\t\t\t\t<\/div>\n\t\t\t\t<\/div>\n\t\t\t\t\t<\/div>\n\t\t<\/div>\n\t\t\t\t\t<\/div>\n\t\t<\/section>\n\t\t\t\t<section class=\"elementor-section elementor-top-section elementor-element elementor-element-c012273 elementor-section-boxed elementor-section-height-default elementor-section-height-default\" data-id=\"c012273\" data-element_type=\"section\">\n\t\t\t\t\t\t<div class=\"elementor-container elementor-column-gap-default\">\n\t\t\t\t\t<div class=\"elementor-column elementor-col-100 elementor-top-column elementor-element elementor-element-a62ee89\" data-id=\"a62ee89\" data-element_type=\"column\">\n\t\t\t<div class=\"elementor-widget-wrap elementor-element-populated\">\n\t\t\t\t\t\t<div class=\"elementor-element elementor-element-beec9d5 elementor-widget elementor-widget-text-editor\" data-id=\"beec9d5\" data-element_type=\"widget\" data-widget_type=\"text-editor.default\">\n\t\t\t\t<div class=\"elementor-widget-container\">\n\t\t\t\t\t\t\t\t\t<p>We perform the RNAseq from RNA samples extracted by Brescia site, on the iGENSEQ platform of our Institute (Paris Brain Institute, ICM) using the Novaseq6000 Illumina system and run the first data analyses: normalization, differential analyses, pathway analyses.<\/p>\t\t\t\t\t\t\t\t<\/div>\n\t\t\t\t<\/div>\n\t\t\t\t\t<\/div>\n\t\t<\/div>\n\t\t\t\t\t<\/div>\n\t\t<\/section>\n\t\t\t\t<section class=\"elementor-section elementor-top-section elementor-element elementor-element-09818b5 elementor-section-boxed elementor-section-height-default elementor-section-height-default\" data-id=\"09818b5\" data-element_type=\"section\">\n\t\t\t\t\t\t<div class=\"elementor-container elementor-column-gap-default\">\n\t\t\t\t\t<div class=\"elementor-column elementor-col-100 elementor-top-column elementor-element elementor-element-010b473\" data-id=\"010b473\" data-element_type=\"column\">\n\t\t\t<div class=\"elementor-widget-wrap elementor-element-populated\">\n\t\t\t\t\t\t<div class=\"elementor-element elementor-element-e2edcb6 elementor-widget elementor-widget-spacer\" data-id=\"e2edcb6\" data-element_type=\"widget\" data-widget_type=\"spacer.default\">\n\t\t\t\t<div class=\"elementor-widget-container\">\n\t\t\t\t\t\t\t<div class=\"elementor-spacer\">\n\t\t\t<div class=\"elementor-spacer-inner\"><\/div>\n\t\t<\/div>\n\t\t\t\t\t\t<\/div>\n\t\t\t\t<\/div>\n\t\t\t\t\t<\/div>\n\t\t<\/div>\n\t\t\t\t\t<\/div>\n\t\t<\/section>\n\t\t\t\t<section class=\"elementor-section elementor-top-section elementor-element elementor-element-0c5447d elementor-section-boxed elementor-section-height-default elementor-section-height-default\" data-id=\"0c5447d\" data-element_type=\"section\">\n\t\t\t\t\t\t<div class=\"elementor-container elementor-column-gap-default\">\n\t\t\t\t\t<div class=\"elementor-column elementor-col-100 elementor-top-column elementor-element elementor-element-323c250\" data-id=\"323c250\" data-element_type=\"column\">\n\t\t\t<div class=\"elementor-widget-wrap elementor-element-populated\">\n\t\t\t\t\t\t<div class=\"elementor-element elementor-element-94d264b elementor-widget elementor-widget-heading\" data-id=\"94d264b\" data-element_type=\"widget\" data-widget_type=\"heading.default\">\n\t\t\t\t<div class=\"elementor-widget-container\">\n\t\t\t\t\t<h3 class=\"elementor-heading-title elementor-size-default\">PROMPT OFFICIAL TEAM DESCRIPTION<\/h3>\t\t\t\t<\/div>\n\t\t\t\t<\/div>\n\t\t\t\t\t<\/div>\n\t\t<\/div>\n\t\t\t\t\t<\/div>\n\t\t<\/section>\n\t\t\t\t<section class=\"elementor-section elementor-top-section elementor-element elementor-element-700c1df elementor-section-boxed elementor-section-height-default elementor-section-height-default\" data-id=\"700c1df\" data-element_type=\"section\">\n\t\t\t\t\t\t<div class=\"elementor-container elementor-column-gap-default\">\n\t\t\t\t\t<div class=\"elementor-column elementor-col-33 elementor-top-column elementor-element elementor-element-8d2707a\" data-id=\"8d2707a\" data-element_type=\"column\">\n\t\t\t<div class=\"elementor-widget-wrap elementor-element-populated\">\n\t\t\t\t\t\t<div class=\"elementor-element elementor-element-27e5954 elementor-widget elementor-widget-image\" data-id=\"27e5954\" data-element_type=\"widget\" data-widget_type=\"image.default\">\n\t\t\t\t<div class=\"elementor-widget-container\">\n\t\t\t\t\t\t\t\t\t\t\t\t\t\t\t<img fetchpriority=\"high\" decoding=\"async\" width=\"250\" height=\"250\" src=\"https:\/\/www.prompt-depression.org\/wp-content\/uploads\/2023\/03\/Photo_Marie-Claude-Potier_formattiert.jpg\" class=\"attachment-large size-large wp-image-989\" alt=\"\" srcset=\"https:\/\/www.prompt-depression.org\/wp-content\/uploads\/2023\/03\/Photo_Marie-Claude-Potier_formattiert.jpg 250w, https:\/\/www.prompt-depression.org\/wp-content\/uploads\/2023\/03\/Photo_Marie-Claude-Potier_formattiert-150x150.jpg 150w\" sizes=\"(max-width: 250px) 100vw, 250px\" \/>\t\t\t\t\t\t\t\t\t\t\t\t\t\t\t<\/div>\n\t\t\t\t<\/div>\n\t\t\t\t\t<\/div>\n\t\t<\/div>\n\t\t\t\t<div class=\"elementor-column elementor-col-66 elementor-top-column elementor-element elementor-element-e4f5633\" data-id=\"e4f5633\" data-element_type=\"column\">\n\t\t\t<div class=\"elementor-widget-wrap elementor-element-populated\">\n\t\t\t\t\t\t<div class=\"elementor-element elementor-element-41b3e37 elementor-widget elementor-widget-text-editor\" data-id=\"41b3e37\" data-element_type=\"widget\" data-widget_type=\"text-editor.default\">\n\t\t\t\t<div class=\"elementor-widget-container\">\n\t\t\t\t\t\t\t\t\t<p><strong>Dr. Marie-Claude Potier<\/strong> (PharmD, PhD) is Director of Research at the French National Center for Scientific Research (CNRS) and Co-Group Leader of the \u201cAlzheimer\u2019s and Prion Diseases\u201d research group at Paris Brain Institute, ICM at the Piti\u00e9-Salp\u00eatri\u00e8re Hospital, Paris, France.<\/p><p>She has been working for the past twenty-five years on Down syndrome (DS) and is now developing pharmacological treatments for increasing cognition in DS as well as studying early phenotypes of Alzheimer disease in DS.<\/p><p>Marie-Claude&#8217;s ORCID is\u00a0<span style=\"font-family: 'Arial',sans-serif;\">0000-0003-2462-7150<\/span><\/p>\t\t\t\t\t\t\t\t<\/div>\n\t\t\t\t<\/div>\n\t\t\t\t\t<\/div>\n\t\t<\/div>\n\t\t\t\t\t<\/div>\n\t\t<\/section>\n\t\t\t\t<section class=\"elementor-section elementor-top-section elementor-element elementor-element-1fe3a21 elementor-section-boxed elementor-section-height-default elementor-section-height-default\" data-id=\"1fe3a21\" data-element_type=\"section\">\n\t\t\t\t\t\t<div class=\"elementor-container elementor-column-gap-default\">\n\t\t\t\t\t<div class=\"elementor-column elementor-col-100 elementor-top-column elementor-element elementor-element-a3fd5b8\" data-id=\"a3fd5b8\" data-element_type=\"column\">\n\t\t\t<div class=\"elementor-widget-wrap elementor-element-populated\">\n\t\t\t\t\t\t<div class=\"elementor-element elementor-element-0ec8eb4 elementor-widget elementor-widget-spacer\" data-id=\"0ec8eb4\" data-element_type=\"widget\" data-widget_type=\"spacer.default\">\n\t\t\t\t<div class=\"elementor-widget-container\">\n\t\t\t\t\t\t\t<div class=\"elementor-spacer\">\n\t\t\t<div class=\"elementor-spacer-inner\"><\/div>\n\t\t<\/div>\n\t\t\t\t\t\t<\/div>\n\t\t\t\t<\/div>\n\t\t\t\t\t<\/div>\n\t\t<\/div>\n\t\t\t\t\t<\/div>\n\t\t<\/section>\n\t\t\t\t<\/div>\n\t\t","protected":false},"excerpt":{"rendered":"<p>About us &#8211; Partner 2: Paris Site We perform the RNAseq from RNA samples extracted by Brescia site, on the iGENSEQ platform of our Institute (Paris Brain Institute, ICM) using the Novaseq6000 Illumina system and run the first data analyses: normalization, differential analyses, pathway analyses. PROMPT OFFICIAL TEAM DESCRIPTION Dr. Marie-Claude Potier (PharmD, PhD) is&hellip;&nbsp;<a href=\"https:\/\/www.prompt-depression.org\/index.php\/about-us-paris-site\/\" rel=\"bookmark\">Read More &raquo;<span class=\"screen-reader-text\">About us &#8211; Paris Site<\/span><\/a><\/p>\n","protected":false},"author":7,"featured_media":0,"parent":0,"menu_order":0,"comment_status":"closed","ping_status":"closed","template":"page-templates\/template-pagebuilder-full-width.php","meta":{"neve_meta_sidebar":"","neve_meta_container":"","neve_meta_enable_content_width":"","neve_meta_content_width":0,"neve_meta_title_alignment":"","neve_meta_author_avatar":"","neve_post_elements_order":"","neve_meta_disable_header":"","neve_meta_disable_footer":"","neve_meta_disable_title":"","footnotes":""},"class_list":["post-531","page","type-page","status-publish","hentry"],"_links":{"self":[{"href":"https:\/\/www.prompt-depression.org\/index.php\/wp-json\/wp\/v2\/pages\/531","targetHints":{"allow":["GET"]}}],"collection":[{"href":"https:\/\/www.prompt-depression.org\/index.php\/wp-json\/wp\/v2\/pages"}],"about":[{"href":"https:\/\/www.prompt-depression.org\/index.php\/wp-json\/wp\/v2\/types\/page"}],"author":[{"embeddable":true,"href":"https:\/\/www.prompt-depression.org\/index.php\/wp-json\/wp\/v2\/users\/7"}],"replies":[{"embeddable":true,"href":"https:\/\/www.prompt-depression.org\/index.php\/wp-json\/wp\/v2\/comments?post=531"}],"version-history":[{"count":52,"href":"https:\/\/www.prompt-depression.org\/index.php\/wp-json\/wp\/v2\/pages\/531\/revisions"}],"predecessor-version":[{"id":1622,"href":"https:\/\/www.prompt-depression.org\/index.php\/wp-json\/wp\/v2\/pages\/531\/revisions\/1622"}],"wp:attachment":[{"href":"https:\/\/www.prompt-depression.org\/index.php\/wp-json\/wp\/v2\/media?parent=531"}],"curies":[{"name":"wp","href":"https:\/\/api.w.org\/{rel}","templated":true}]}}